{"id":87,"date":"2019-09-08T15:30:58","date_gmt":"2019-09-08T13:30:58","guid":{"rendered":"https:\/\/www.lsvr.de\/wdp-test-environment\/?page_id=87"},"modified":"2025-06-10T11:56:25","modified_gmt":"2025-06-10T09:56:25","slug":"mitglied-werden","status":"publish","type":"page","link":"https:\/\/www.lsvr.de\/de\/mitglied-werden\/","title":{"rendered":"Mitglied werden"},"content":{"rendered":"<!--themify_builder_content-->\n<div id=\"themify_builder_content-87\" data-postid=\"87\" class=\"themify_builder_content themify_builder_content-87 themify_builder tf_clear\">\n                    <div  data-css_id=\"96tu270\" data-lazy=\"1\" class=\"module_row themify_builder_row fullwidth tb_96tu270 tb_first tf_w\">\n                        <div class=\"row_inner col_align_top tb_col_count_2 tf_box tf_rel\">\n                        <div  data-lazy=\"1\" class=\"module_column tb-column col4-2 tb_qwlc272 first\">\n                    <!-- module image -->\n<div  class=\"module module-image tb_hujd265 image-center   tf_mw hide-tablet hide-tablet_landscape hide-mobile\" data-lazy=\"1\">\n        <div class=\"image-wrap tf_rel tf_mw\">\n            <a href=\"https:\/\/www.lsvr.de\/de\/\">\n                   <img loading=\"lazy\" decoding=\"async\" width=\"320\" height=\"194\" src=\"https:\/\/www.lsvr.de\/de\/wp-content\/uploads\/2019\/08\/logo-neu.png\" class=\"wp-post-image wp-image-17\" title=\"logo-neu\" alt=\"logo-neu\" srcset=\"https:\/\/www.lsvr.de\/de\/wp-content\/uploads\/2019\/08\/logo-neu.png 320w, https:\/\/www.lsvr.de\/de\/wp-content\/uploads\/2019\/08\/logo-neu-300x182.png 300w\" sizes=\"auto, (max-width: 320px) 100vw, 320px\" \/>        <\/a>\n    \n        <\/div>\n    <!-- \/image-wrap -->\n    \n        <\/div>\n<!-- \/module image -->        <\/div>\n                    <div  data-lazy=\"1\" class=\"module_column tb-column col4-2 tb_6c13276 last\">\n                    <!-- module text -->\n<div  class=\"module module-text tb_eda5279   \" data-lazy=\"1\">\n        <div  class=\"tb_text_wrap\">\n        <h1 class=\"text-white\">Mitglied werden<\/h1>    <\/div>\n<\/div>\n<!-- \/module text --><!-- module text -->\n<div  class=\"module module-text tb_v5sm912   \" data-lazy=\"1\">\n        <div  class=\"tb_text_wrap\">\n        <p>Wir freuen uns auf Dich !<\/p>    <\/div>\n<\/div>\n<!-- \/module text -->        <\/div>\n                        <\/div>\n        <\/div>\n                        <div  data-css_id=\"8lsp928\" data-lazy=\"1\" class=\"module_row themify_builder_row fullwidth_row_container tb_8lsp928 tf_w\">\n                        <div class=\"row_inner col_align_top tb_col_count_1 tf_box tf_rel\">\n                        <div  data-lazy=\"1\" class=\"module_column tb-column col-full tb_1j9t929 first\">\n                    <!-- module text -->\n<div  class=\"module module-text tb_cj05528   \" data-lazy=\"1\">\n        <div  class=\"tb_text_wrap\">\n        <h1>F\u00fcnf Schritte zur Mitgliedschaft<\/h1>\n<h2>Informieren<\/h2>\n<p>Unsere Webseite bietet dir einen \u00dcberblick \u00fcber den Luftsportverein Rietberg e.V.. Gerne k\u00f6nnen wir deine ersten Fragen vorab per\u00a0<\/p>\n<p style=\"text-align: center;\">Telefon (+49 170\u2010413 00 50) beantworten.<\/p>\n<h2>Termin vereinbaren<\/h2>\n<p>Am besten lernen wir uns pers\u00f6nlich kennen. Hierzu k\u00f6nnen wir einen Termin per Telefon (+49\u00a0170\u2010413\u00a000\u00a050) oder E-Mail (<a href=\"info@lsvr.de\">info@lsvr.de<\/a>) vereinbaren. Wir stellen dir dann den Verein, die Flotte und die Abl\u00e4ufe vor.<\/p>\n<p>Am jeweils letzten Freitag im Monat ist zudem in unserer Werft unser Clubabend. Auch hierzu bist du nat\u00fcrlich jederzeit \u2014 auch als Nichtmitglied \u2014 herzlich willkommen. Langj\u00e4hrige Mitglieder beantworten alle Fragen rund ums Fliegen.<\/p>\n<h2>Mitgliedsantrag<\/h2>\n<p>Mit dem\u00a0 <a href=\"https:\/\/www.lsvr.de\/de\/wp-content\/uploads\/2025\/06\/Aufnahmeantrag.pdf\">Aufnahmeantrag<\/a>\u00a0 werden die\u00a0 <a href=\"https:\/\/www.lsvr.de\/de\/wp-content\/uploads\/2019\/10\/Satzung.pdf\">Satzung<\/a>\u00a0 und die\u00a0 <a href=\"https:\/\/www.lsvr.de\/de\/wp-content\/uploads\/2025\/06\/Flugbetriebsordnung.pdf\">FBO Flugbetriebsordnung<\/a> \u00a0 besprochen, deren Kenntnis muss auf dem Mitgliedsantrag best\u00e4tigt werden. Zur Freischaltung ben\u00f6tigen wir eine Kopie der Fluglizenz, des Medicals und der Z\u00dcP mit dem unterschriebenen Mitgliedsantrag. Bankeinzug ist aus organisatorischen Gr\u00fcnden unerl\u00e4sslich.<\/p>\n<h2>Einweisung und Checkflug<\/h2>\n<p>Die Sicherheit unserer aktiven Piloten und nicht zuletzt das Eigentum aller Vereinsmitglieder liegt uns sehr am Herzen. Eine gr\u00fcndliche Einweisung in unser Flugger\u00e4t, die Verfahren im separaten Vereinsbereich und dem Verkehrsflughafen Paderborn Lippstadt ist daher unerl\u00e4sslich. LBA gepr\u00fcfte und vom Vorstand ernannte Flugpr\u00fcfer und Einweisungsberechtigte helfen gerne beim obligatorischen \u00dcberpr\u00fcfungsflug, der auch wegen der 90 Tage Regel notwendig ist.<\/p>\n<p>Um dein Wissen frisch zu halten findest du im LSVR-Leitfaden n\u00fctzliche Hinweise und Tipps zur sicheren Durchf\u00fchrung zuk\u00fcnftiger Fl\u00fcge. Sie sind Anregungen, entbinden den Piloten aber nicht, alle gesetzlichen Auflagen und Aufgaben zur sicheren Durchf\u00fchrung des Fluges verantwortungsvoll selbst zu erledigen.<\/p>\n<h2>Fliegen und Horizonte erweitern!<\/h2>\n<p>\u201eWir er\u00f6ffnen neue Horizonte!\u201c Das ist unser Motto. Nach erfolgreicher Einweisung kannst du zu deinen eigenen Fl\u00fcgen mit unserer modernen Flotte starten. Du kannst auf tollen Ausfl\u00fcgen mit unterschiedlichem Schwierigkeitsgrad mitfliegen. Viele Mitglieder haben z.B. durch diese \u201eFlugsafaris\u201c das erste Mal den Sprung \u00fcber die deutschen Grenzen ins Ausland gewagt. Ihr werdet Fliegerkollegen -und Kolleginnen kennenlernen, von Ihnen lernen, neue Erfahrungen sammeln und sicherer Fliegen als je zuvor. Wir erweitern Horizonte!<\/p>\n<p>Willkommen an Bord!<\/p>\n<p>Der Vorstand des LSVR.<\/p>\n<div class=\"container\">\n<div class=\"row fill-40-viewport\">\n<div class=\"col-12 text-center my-5\">\n<div class=\"responsive-video\">\u00a0<\/div>\n<\/div>\n<\/div>\n<\/div>    <\/div>\n<\/div>\n<!-- \/module text -->        <div  data-lazy=\"1\" class=\"module_subrow themify_builder_sub_row tf_w col_align_top tb_col_count_4 tb_aeao348\">\n                <div  data-lazy=\"1\" class=\"module_column sub_column col4-1 tb_t0ma351 first\">\n                    <!-- module buttons -->\n<div  class=\"module module-buttons tb_ieeu408 buttons-horizontal solid   squared\" data-lazy=\"1\">\n        <div class=\"module-buttons-item tf_in_flx\">\n                        <a href=\"https:\/\/www.lsvr.de\/de\/beitraege-gebuehren-und-preise\/\" class=\"ui builder_button tf_in_flx tb_default_color\" >\n                                                Beitr\u00e4ge und Geb\u00fchren                                        <\/a>\n                <\/div>\n            <\/div>\n<!-- \/module buttons -->\n        <\/div>\n                    <div  data-lazy=\"1\" class=\"module_column sub_column col4-1 tb_ni66353\">\n                    <!-- module buttons -->\n<div  class=\"module module-buttons tb_xx7m567 buttons-horizontal solid   squared\" data-lazy=\"1\">\n        <div class=\"module-buttons-item tf_in_flx\">\n                        <a href=\"https:\/\/www.lsvr.de\/de\/wp-content\/uploads\/2019\/10\/Satzung.pdf\" class=\"ui builder_button tf_in_flx tb_default_color\" >\n                                                Satzung                                        <\/a>\n                <\/div>\n            <\/div>\n<!-- \/module buttons -->\n        <\/div>\n                    <div  data-lazy=\"1\" class=\"module_column sub_column col4-1 tb_pyw3353\">\n                    <!-- module buttons -->\n<div  class=\"module module-buttons tb_u6sm925 buttons-horizontal solid   squared\" data-lazy=\"1\">\n        <div class=\"module-buttons-item tf_in_flx\">\n                        <a href=\"https:\/\/www.lsvr.de\/de\/wp-content\/uploads\/2025\/06\/Flugbetriebsordnung.pdf\" class=\"ui builder_button tf_in_flx tb_default_color\" >\n                                                Flugbetriebsordnung                                        <\/a>\n                <\/div>\n            <\/div>\n<!-- \/module buttons -->\n        <\/div>\n                    <div  data-lazy=\"1\" class=\"module_column sub_column col4-1 tb_vmgw354 last\">\n                    <!-- module buttons -->\n<div  class=\"module module-buttons tb_2abe418 buttons-horizontal solid   squared\" data-lazy=\"1\">\n        <div class=\"module-buttons-item tf_in_flx\">\n                        <a href=\"https:\/\/www.lsvr.de\/de\/wp-content\/uploads\/2025\/06\/Aufnahmeantrag.pdf\" class=\"ui builder_button tf_in_flx tb_default_color\" >\n                                                Aufnahmeantrag                                        <\/a>\n                <\/div>\n            <\/div>\n<!-- \/module buttons -->\n        <\/div>\n                    <\/div>\n                <\/div>\n                        <\/div>\n        <\/div>\n                        <div  data-lazy=\"1\" class=\"module_row themify_builder_row tb_k49j754 tf_w\">\n                        <div class=\"row_inner col_align_top tb_col_count_1 tf_box tf_rel\">\n                        <div  data-lazy=\"1\" class=\"module_column tb-column col-full tb_m2l8757 first\">\n                    <!-- module video -->\n<div  class=\"module module-video tb_vob5988 video-top  \" data-lazy=\"1\">\n                    <div class=\"video-wrap-outer\" style=\"max-width:100%\">\n            <div class=\"video-wrap tf_rel tf_overflow\">\n                                    <noscript><iframe data-no-script src=\"https:\/\/www.youtube.com\/embed\/RJdD3VJTW1k?pip=1&#038;playsinline=1\" allow=\"accelerometer;encrypted-media;gyroscope;picture-in-picture;fullscreen\" class=\"tf_abs tf_w tf_h\"><\/iframe><\/noscript>\n                                <\/div>\n            <!-- \/video-wrap -->\n        <\/div>\n        <!-- \/video-wrap-outer -->\n            <\/div>\n        <\/div>\n                        <\/div>\n        <\/div>\n        <\/div>\n<!--\/themify_builder_content-->","protected":false},"excerpt":{"rendered":"<p>Mitglied werden<\/p>\n","protected":false},"author":1,"featured_media":0,"parent":0,"menu_order":0,"comment_status":"closed","ping_status":"closed","template":"","meta":{"footnotes":""},"class_list":["post-87","page","type-page","status-publish","hentry","has-post-title","has-post-date","has-post-category","has-post-tag","has-post-comment","has-post-author",""],"yoast_head":"<!-- This site is optimized with the Yoast SEO plugin v25.6 - https:\/\/yoast.com\/wordpress\/plugins\/seo\/ -->\n<title>Mitglied werden im Luftsportverein LSVR<\/title>\n<meta name=\"description\" content=\"Mit dem Aufnahmeantrag werden die Satzung und die FBO Flugbetriebsordnung besprochen, deren Kenntnis muss auf dem Mitgliedsantrag best\u00e4tigt\" \/>\n<meta name=\"robots\" content=\"index, follow, max-snippet:-1, max-image-preview:large, max-video-preview:-1\" \/>\n<link rel=\"canonical\" href=\"https:\/\/www.lsvr.de\/de\/mitglied-werden\/\" \/>\n<meta property=\"og:locale\" content=\"de_DE\" \/>\n<meta property=\"og:type\" content=\"article\" \/>\n<meta property=\"og:title\" content=\"Mitglied werden im Luftsportverein LSVR\" \/>\n<meta property=\"og:description\" content=\"Mit dem Aufnahmeantrag werden die Satzung und die FBO Flugbetriebsordnung besprochen, deren Kenntnis muss auf dem Mitgliedsantrag best\u00e4tigt\" \/>\n<meta property=\"og:url\" content=\"https:\/\/www.lsvr.de\/de\/mitglied-werden\/\" \/>\n<meta property=\"og:site_name\" content=\"LSV Rietberg e.V. - wir er\u00f6ffnen neue Horizonte!\" \/>\n<meta property=\"article:modified_time\" content=\"2025-06-10T09:56:25+00:00\" \/>\n<meta property=\"og:image\" content=\"https:\/\/www.lsvr.de\/de\/wp-content\/uploads\/2019\/08\/logo-neu.png\" \/>\n<meta name=\"twitter:card\" content=\"summary_large_image\" \/>\n<meta name=\"twitter:label1\" content=\"Gesch\u00e4tzte Lesezeit\" \/>\n\t<meta name=\"twitter:data1\" content=\"5\u00a0Minuten\" \/>\n<script type=\"application\/ld+json\" class=\"yoast-schema-graph\">{\"@context\":\"https:\/\/schema.org\",\"@graph\":[{\"@type\":\"WebPage\",\"@id\":\"https:\/\/www.lsvr.de\/de\/mitglied-werden\/\",\"url\":\"https:\/\/www.lsvr.de\/de\/mitglied-werden\/\",\"name\":\"Mitglied werden im Luftsportverein LSVR\",\"isPartOf\":{\"@id\":\"https:\/\/www.lsvr.de\/de\/#website\"},\"primaryImageOfPage\":{\"@id\":\"https:\/\/www.lsvr.de\/de\/mitglied-werden\/#primaryimage\"},\"image\":{\"@id\":\"https:\/\/www.lsvr.de\/de\/mitglied-werden\/#primaryimage\"},\"thumbnailUrl\":\"https:\/\/www.lsvr.de\/de\/wp-content\/uploads\/2019\/08\/logo-neu.png\",\"datePublished\":\"2019-09-08T13:30:58+00:00\",\"dateModified\":\"2025-06-10T09:56:25+00:00\",\"description\":\"Mit dem Aufnahmeantrag werden die Satzung und die FBO Flugbetriebsordnung besprochen, deren Kenntnis muss auf dem Mitgliedsantrag best\u00e4tigt\",\"breadcrumb\":{\"@id\":\"https:\/\/www.lsvr.de\/de\/mitglied-werden\/#breadcrumb\"},\"inLanguage\":\"de\",\"potentialAction\":[{\"@type\":\"ReadAction\",\"target\":[\"https:\/\/www.lsvr.de\/de\/mitglied-werden\/\"]}]},{\"@type\":\"ImageObject\",\"inLanguage\":\"de\",\"@id\":\"https:\/\/www.lsvr.de\/de\/mitglied-werden\/#primaryimage\",\"url\":\"https:\/\/www.lsvr.de\/de\/wp-content\/uploads\/2019\/08\/logo-neu.png\",\"contentUrl\":\"https:\/\/www.lsvr.de\/de\/wp-content\/uploads\/2019\/08\/logo-neu.png\",\"width\":320,\"height\":194},{\"@type\":\"BreadcrumbList\",\"@id\":\"https:\/\/www.lsvr.de\/de\/mitglied-werden\/#breadcrumb\",\"itemListElement\":[{\"@type\":\"ListItem\",\"position\":1,\"name\":\"Startseite\",\"item\":\"https:\/\/www.lsvr.de\/de\/\"},{\"@type\":\"ListItem\",\"position\":2,\"name\":\"Mitglied werden\"}]},{\"@type\":\"WebSite\",\"@id\":\"https:\/\/www.lsvr.de\/de\/#website\",\"url\":\"https:\/\/www.lsvr.de\/de\/\",\"name\":\"LSV Rietberg e.V. - wir er\u00f6ffnen neue Horizonte!\",\"description\":\"\",\"potentialAction\":[{\"@type\":\"SearchAction\",\"target\":{\"@type\":\"EntryPoint\",\"urlTemplate\":\"https:\/\/www.lsvr.de\/de\/?s={search_term_string}\"},\"query-input\":{\"@type\":\"PropertyValueSpecification\",\"valueRequired\":true,\"valueName\":\"search_term_string\"}}],\"inLanguage\":\"de\"}]}<\/script>\n<!-- \/ Yoast SEO plugin. -->","yoast_head_json":{"title":"Mitglied werden im Luftsportverein LSVR","description":"Mit dem Aufnahmeantrag werden die Satzung und die FBO Flugbetriebsordnung besprochen, deren Kenntnis muss auf dem Mitgliedsantrag best\u00e4tigt","robots":{"index":"index","follow":"follow","max-snippet":"max-snippet:-1","max-image-preview":"max-image-preview:large","max-video-preview":"max-video-preview:-1"},"canonical":"https:\/\/www.lsvr.de\/de\/mitglied-werden\/","og_locale":"de_DE","og_type":"article","og_title":"Mitglied werden im Luftsportverein LSVR","og_description":"Mit dem Aufnahmeantrag werden die Satzung und die FBO Flugbetriebsordnung besprochen, deren Kenntnis muss auf dem Mitgliedsantrag best\u00e4tigt","og_url":"https:\/\/www.lsvr.de\/de\/mitglied-werden\/","og_site_name":"LSV Rietberg e.V. - wir er\u00f6ffnen neue Horizonte!","article_modified_time":"2025-06-10T09:56:25+00:00","og_image":[{"url":"https:\/\/www.lsvr.de\/de\/wp-content\/uploads\/2019\/08\/logo-neu.png","type":"","width":"","height":""}],"twitter_card":"summary_large_image","twitter_misc":{"Gesch\u00e4tzte Lesezeit":"5\u00a0Minuten"},"schema":{"@context":"https:\/\/schema.org","@graph":[{"@type":"WebPage","@id":"https:\/\/www.lsvr.de\/de\/mitglied-werden\/","url":"https:\/\/www.lsvr.de\/de\/mitglied-werden\/","name":"Mitglied werden im Luftsportverein LSVR","isPartOf":{"@id":"https:\/\/www.lsvr.de\/de\/#website"},"primaryImageOfPage":{"@id":"https:\/\/www.lsvr.de\/de\/mitglied-werden\/#primaryimage"},"image":{"@id":"https:\/\/www.lsvr.de\/de\/mitglied-werden\/#primaryimage"},"thumbnailUrl":"https:\/\/www.lsvr.de\/de\/wp-content\/uploads\/2019\/08\/logo-neu.png","datePublished":"2019-09-08T13:30:58+00:00","dateModified":"2025-06-10T09:56:25+00:00","description":"Mit dem Aufnahmeantrag werden die Satzung und die FBO Flugbetriebsordnung besprochen, deren Kenntnis muss auf dem Mitgliedsantrag best\u00e4tigt","breadcrumb":{"@id":"https:\/\/www.lsvr.de\/de\/mitglied-werden\/#breadcrumb"},"inLanguage":"de","potentialAction":[{"@type":"ReadAction","target":["https:\/\/www.lsvr.de\/de\/mitglied-werden\/"]}]},{"@type":"ImageObject","inLanguage":"de","@id":"https:\/\/www.lsvr.de\/de\/mitglied-werden\/#primaryimage","url":"https:\/\/www.lsvr.de\/de\/wp-content\/uploads\/2019\/08\/logo-neu.png","contentUrl":"https:\/\/www.lsvr.de\/de\/wp-content\/uploads\/2019\/08\/logo-neu.png","width":320,"height":194},{"@type":"BreadcrumbList","@id":"https:\/\/www.lsvr.de\/de\/mitglied-werden\/#breadcrumb","itemListElement":[{"@type":"ListItem","position":1,"name":"Startseite","item":"https:\/\/www.lsvr.de\/de\/"},{"@type":"ListItem","position":2,"name":"Mitglied werden"}]},{"@type":"WebSite","@id":"https:\/\/www.lsvr.de\/de\/#website","url":"https:\/\/www.lsvr.de\/de\/","name":"LSV Rietberg e.V. - wir er\u00f6ffnen neue Horizonte!","description":"","potentialAction":[{"@type":"SearchAction","target":{"@type":"EntryPoint","urlTemplate":"https:\/\/www.lsvr.de\/de\/?s={search_term_string}"},"query-input":{"@type":"PropertyValueSpecification","valueRequired":true,"valueName":"search_term_string"}}],"inLanguage":"de"}]}},"builder_content":"<a href=\"https:\/\/www.lsvr.de\/de\/\"> <img src=\"https:\/\/www.lsvr.de\/de\/wp-content\/uploads\/2019\/08\/logo-neu.png\" title=\"logo-neu\" alt=\"logo-neu\" srcset=\"https:\/\/www.lsvr.de\/de\/wp-content\/uploads\/2019\/08\/logo-neu.png 320w, https:\/\/www.lsvr.de\/de\/wp-content\/uploads\/2019\/08\/logo-neu-300x182.png 300w\" sizes=\"(max-width: 320px) 100vw, 320px\" \/> <\/a>\n<h1>Mitglied werden<\/h1>\n<p>Wir freuen uns auf Dich !<\/p>\n<h1>F\u00fcnf Schritte zur Mitgliedschaft<\/h1> <h2>Informieren<\/h2> <p>Unsere Webseite bietet dir einen \u00dcberblick \u00fcber den Luftsportverein Rietberg e.V.. Gerne k\u00f6nnen wir deine ersten Fragen vorab per\u00a0<\/p> <p style=\"text-align: center;\">Telefon (+49 170\u2010413 00 50) beantworten.<\/p> <h2>Termin vereinbaren<\/h2> <p>Am besten lernen wir uns pers\u00f6nlich kennen. Hierzu k\u00f6nnen wir einen Termin per Telefon (+49\u00a0170\u2010413\u00a000\u00a050) oder E-Mail (<a href=\"info@lsvr.de\">info@lsvr.de<\/a>) vereinbaren. Wir stellen dir dann den Verein, die Flotte und die Abl\u00e4ufe vor.<\/p> <p>Am jeweils letzten Freitag im Monat ist zudem in unserer Werft unser Clubabend. Auch hierzu bist du nat\u00fcrlich jederzeit \u2014 auch als Nichtmitglied \u2014 herzlich willkommen. Langj\u00e4hrige Mitglieder beantworten alle Fragen rund ums Fliegen.<\/p> <h2>Mitgliedsantrag<\/h2> <p>Mit dem\u00a0 <a href=\"https:\/\/www.lsvr.de\/de\/wp-content\/uploads\/2025\/06\/Aufnahmeantrag.pdf\">Aufnahmeantrag<\/a>\u00a0 werden die\u00a0 <a href=\"https:\/\/www.lsvr.de\/de\/wp-content\/uploads\/2019\/10\/Satzung.pdf\">Satzung<\/a>\u00a0 und die\u00a0 <a href=\"https:\/\/www.lsvr.de\/de\/wp-content\/uploads\/2025\/06\/Flugbetriebsordnung.pdf\">FBO Flugbetriebsordnung<\/a> \u00a0 besprochen, deren Kenntnis muss auf dem Mitgliedsantrag best\u00e4tigt werden. Zur Freischaltung ben\u00f6tigen wir eine Kopie der Fluglizenz, des Medicals und der Z\u00dcP mit dem unterschriebenen Mitgliedsantrag. Bankeinzug ist aus organisatorischen Gr\u00fcnden unerl\u00e4sslich.<\/p> <h2>Einweisung und Checkflug<\/h2> <p>Die Sicherheit unserer aktiven Piloten und nicht zuletzt das Eigentum aller Vereinsmitglieder liegt uns sehr am Herzen. Eine gr\u00fcndliche Einweisung in unser Flugger\u00e4t, die Verfahren im separaten Vereinsbereich und dem Verkehrsflughafen Paderborn Lippstadt ist daher unerl\u00e4sslich. LBA gepr\u00fcfte und vom Vorstand ernannte Flugpr\u00fcfer und Einweisungsberechtigte helfen gerne beim obligatorischen \u00dcberpr\u00fcfungsflug, der auch wegen der 90 Tage Regel notwendig ist.<\/p> <p>Um dein Wissen frisch zu halten findest du im LSVR-Leitfaden n\u00fctzliche Hinweise und Tipps zur sicheren Durchf\u00fchrung zuk\u00fcnftiger Fl\u00fcge. Sie sind Anregungen, entbinden den Piloten aber nicht, alle gesetzlichen Auflagen und Aufgaben zur sicheren Durchf\u00fchrung des Fluges verantwortungsvoll selbst zu erledigen.<\/p> <h2>Fliegen und Horizonte erweitern!<\/h2> <p>\u201eWir er\u00f6ffnen neue Horizonte!\u201c Das ist unser Motto. Nach erfolgreicher Einweisung kannst du zu deinen eigenen Fl\u00fcgen mit unserer modernen Flotte starten. Du kannst auf tollen Ausfl\u00fcgen mit unterschiedlichem Schwierigkeitsgrad mitfliegen. Viele Mitglieder haben z.B. durch diese \u201eFlugsafaris\u201c das erste Mal den Sprung \u00fcber die deutschen Grenzen ins Ausland gewagt. Ihr werdet Fliegerkollegen -und Kolleginnen kennenlernen, von Ihnen lernen, neue Erfahrungen sammeln und sicherer Fliegen als je zuvor. Wir erweitern Horizonte!<\/p> <p>Willkommen an Bord!<\/p> <p>Der Vorstand des LSVR.<\/p>\n\u00a0\n<a href=\"https:\/\/www.lsvr.de\/de\/beitraege-gebuehren-und-preise\/\" > Beitr\u00e4ge und Geb\u00fchren <\/a>\n<a href=\"https:\/\/www.lsvr.de\/de\/wp-content\/uploads\/2019\/10\/Satzung.pdf\" > Satzung <\/a>\n<a href=\"https:\/\/www.lsvr.de\/de\/wp-content\/uploads\/2025\/06\/Flugbetriebsordnung.pdf\" > Flugbetriebsordnung <\/a>\n<a href=\"https:\/\/www.lsvr.de\/de\/wp-content\/uploads\/2025\/06\/Aufnahmeantrag.pdf\" > Aufnahmeantrag <\/a>\n[embed]https:\/\/youtu.be\/RJdD3VJTW1k[\/embed]","_links":{"self":[{"href":"https:\/\/www.lsvr.de\/de\/wp-json\/wp\/v2\/pages\/87","targetHints":{"allow":["GET"]}}],"collection":[{"href":"https:\/\/www.lsvr.de\/de\/wp-json\/wp\/v2\/pages"}],"about":[{"href":"https:\/\/www.lsvr.de\/de\/wp-json\/wp\/v2\/types\/page"}],"author":[{"embeddable":true,"href":"https:\/\/www.lsvr.de\/de\/wp-json\/wp\/v2\/users\/1"}],"replies":[{"embeddable":true,"href":"https:\/\/www.lsvr.de\/de\/wp-json\/wp\/v2\/comments?post=87"}],"version-history":[{"count":85,"href":"https:\/\/www.lsvr.de\/de\/wp-json\/wp\/v2\/pages\/87\/revisions"}],"predecessor-version":[{"id":4303,"href":"https:\/\/www.lsvr.de\/de\/wp-json\/wp\/v2\/pages\/87\/revisions\/4303"}],"wp:attachment":[{"href":"https:\/\/www.lsvr.de\/de\/wp-json\/wp\/v2\/media?parent=87"}],"curies":[{"name":"wp","href":"https:\/\/api.w.org\/{rel}","templated":true}]}}